{"id":58,"date":"2019-07-19T21:44:23","date_gmt":"2019-07-19T19:44:23","guid":{"rendered":"http:\/\/weinkrug.at\/wordpress\/?page_id=58"},"modified":"2023-02-03T10:00:08","modified_gmt":"2023-02-03T09:00:08","slug":"ueber-uns","status":"publish","type":"page","link":"http:\/\/weinkrug.at\/wordpress\/?page_id=58","title":{"rendered":"\u00dcber uns"},"content":{"rendered":"\n<p><strong>Das rustikale Heurigenlokal im Marchfeld<\/strong><\/p>\n\n\n\n<p>Seit 1974, in 2. Generation gef\u00fchrt, bieten wir Ihnen ganzj\u00e4hrig Grillstelzen, kaltes und warmes Buffet und einen extra Raum f\u00fcr besondere Feste. Genie\u00dfen Sie das au\u00dfergew\u00f6hnliche Ambiente in unserem Gastgarten. <\/p>\n\n\n\n<p>Gerne bieten wir Ihnen auch <strong>Catering vom Weinkrug<\/strong> an.<\/p>\n\n\n\n<figure class=\"wp-block-image\"><img loading=\"lazy\" decoding=\"async\" width=\"1024\" height=\"578\" src=\"http:\/\/weinkrug.at\/wordpress\/wp-content\/uploads\/2019\/08\/IMG-20190809-WA0002-1024x578.jpg\" alt=\"\" class=\"wp-image-90\" srcset=\"http:\/\/weinkrug.at\/wordpress\/wp-content\/uploads\/2019\/08\/IMG-20190809-WA0002-1024x578.jpg 1024w, http:\/\/weinkrug.at\/wordpress\/wp-content\/uploads\/2019\/08\/IMG-20190809-WA0002-300x169.jpg 300w, http:\/\/weinkrug.at\/wordpress\/wp-content\/uploads\/2019\/08\/IMG-20190809-WA0002-768x433.jpg 768w, http:\/\/weinkrug.at\/wordpress\/wp-content\/uploads\/2019\/08\/IMG-20190809-WA0002.jpg 1600w\" sizes=\"auto, (max-width: 767px) 89vw, (max-width: 1000px) 54vw, (max-width: 1071px) 543px, 580px\" \/><\/figure>\n\n\n\n<figure class=\"wp-block-image\"><img loading=\"lazy\" decoding=\"async\" width=\"1024\" height=\"578\" src=\"http:\/\/weinkrug.at\/wordpress\/wp-content\/uploads\/2019\/08\/IMG-20190809-WA0004-1024x578.jpg\" alt=\"\" class=\"wp-image-91\" srcset=\"http:\/\/weinkrug.at\/wordpress\/wp-content\/uploads\/2019\/08\/IMG-20190809-WA0004-1024x578.jpg 1024w, http:\/\/weinkrug.at\/wordpress\/wp-content\/uploads\/2019\/08\/IMG-20190809-WA0004-300x169.jpg 300w, http:\/\/weinkrug.at\/wordpress\/wp-content\/uploads\/2019\/08\/IMG-20190809-WA0004-768x433.jpg 768w, http:\/\/weinkrug.at\/wordpress\/wp-content\/uploads\/2019\/08\/IMG-20190809-WA0004.jpg 1600w\" sizes=\"auto, (max-width: 767px) 89vw, (max-width: 1000px) 54vw, (max-width: 1071px) 543px, 580px\" \/><\/figure>\n\n\n\n<h2 class=\"wp-block-heading\">3D-Rundgang durch das Lokal<\/h2>\n\n\n\n<p>Bitte unten klicken:<\/p>\n\n\n\n<p><strong>&lt;iframe title=\u201cweinkrug_strasshof\u201c src=\u201c<a href=\"https:\/\/www.weinviertel-360grad.at\/virtualtours\/strasshof\/weinkrug\/strv1.html\">https:\/\/www.weinviertel-360grad.at\/virtualtours\/strasshof\/weinkrug\/strv1.html<\/a>\u201c name=\u201ciFrame\u201c width=\u201c100%\u201c height=\u201c600\u2033>&lt;\/iframe><\/strong><\/p>\n","protected":false},"excerpt":{"rendered":"<p>Das rustikale Heurigenlokal im Marchfeld Seit 1974, in 2. Generation gef\u00fchrt, bieten wir Ihnen ganzj\u00e4hrig Grillstelzen, kaltes und warmes Buffet und einen extra Raum f\u00fcr besondere Feste. Genie\u00dfen Sie das au\u00dfergew\u00f6hnliche Ambiente in unserem Gastgarten. Gerne bieten wir Ihnen auch Catering vom Weinkrug an. 3D-Rundgang durch das Lokal Bitte unten klicken: &lt;iframe title=\u201cweinkrug_strasshof\u201c src=\u201chttps:\/\/www.weinviertel-360grad.at\/virtualtours\/strasshof\/weinkrug\/strv1.html\u201c name=\u201ciFrame\u201c &hellip; <\/p>\n<p class=\"link-more\"><a href=\"http:\/\/weinkrug.at\/wordpress\/?page_id=58\" class=\"more-link\"><span class=\"screen-reader-text\">\u201e\u00dcber uns\u201c<\/span> weiterlesen<\/a><\/p>\n","protected":false},"author":2,"featured_media":0,"parent":0,"menu_order":0,"comment_status":"closed","ping_status":"closed","template":"","meta":{"footnotes":""},"class_list":["post-58","page","type-page","status-publish","hentry"],"_links":{"self":[{"href":"http:\/\/weinkrug.at\/wordpress\/index.php?rest_route=\/wp\/v2\/pages\/58","targetHints":{"allow":["GET"]}}],"collection":[{"href":"http:\/\/weinkrug.at\/wordpress\/index.php?rest_route=\/wp\/v2\/pages"}],"about":[{"href":"http:\/\/weinkrug.at\/wordpress\/index.php?rest_route=\/wp\/v2\/types\/page"}],"author":[{"embeddable":true,"href":"http:\/\/weinkrug.at\/wordpress\/index.php?rest_route=\/wp\/v2\/users\/2"}],"replies":[{"embeddable":true,"href":"http:\/\/weinkrug.at\/wordpress\/index.php?rest_route=%2Fwp%2Fv2%2Fcomments&post=58"}],"version-history":[{"count":3,"href":"http:\/\/weinkrug.at\/wordpress\/index.php?rest_route=\/wp\/v2\/pages\/58\/revisions"}],"predecessor-version":[{"id":285,"href":"http:\/\/weinkrug.at\/wordpress\/index.php?rest_route=\/wp\/v2\/pages\/58\/revisions\/285"}],"wp:attachment":[{"href":"http:\/\/weinkrug.at\/wordpress\/index.php?rest_route=%2Fwp%2Fv2%2Fmedia&parent=58"}],"curies":[{"name":"wp","href":"https:\/\/api.w.org\/{rel}","templated":true}]}}